{"id":201,"date":"2017-04-20T11:31:26","date_gmt":"2017-04-20T09:31:26","guid":{"rendered":"http:\/\/momosveganmadness.com\/?page_id=201"},"modified":"2017-04-20T11:44:29","modified_gmt":"2017-04-20T09:44:29","slug":"catering","status":"publish","type":"page","link":"https:\/\/momosveganmadness.com\/fr\/catering\/","title":{"rendered":"Catering"},"content":{"rendered":"<p><img loading=\"lazy\" decoding=\"async\" class=\"alignnone size-thumbnail wp-image-182\" src=\"http:\/\/momosveganmadness.com\/wp-content\/uploads\/2017\/04\/img_0091-1-150x150.jpg\" alt=\"\" width=\"150\" height=\"150\" \/>\u00a0<img loading=\"lazy\" decoding=\"async\" class=\"alignnone size-thumbnail wp-image-211\" src=\"http:\/\/momosveganmadness.com\/wp-content\/uploads\/2017\/04\/IMG_0093-150x150.jpg\" alt=\"\" width=\"150\" height=\"150\" \/> <img loading=\"lazy\" decoding=\"async\" class=\"alignnone size-thumbnail wp-image-210\" src=\"http:\/\/momosveganmadness.com\/wp-content\/uploads\/2017\/04\/IMG_0090-150x150.jpg\" alt=\"\" width=\"150\" height=\"150\" \/> <img loading=\"lazy\" decoding=\"async\" class=\"alignnone size-thumbnail wp-image-209\" src=\"http:\/\/momosveganmadness.com\/wp-content\/uploads\/2017\/04\/IMG_0088-150x150.jpg\" alt=\"\" width=\"150\" height=\"150\" \/><\/p>\n<p><span id=\"result_box\" lang=\"fr\">Vous planifiez ou organiser une soir\u00e9e priv\u00e9e ou un petit ap\u00e9ritif et que vous voulez surprendre avec une offre v\u00e9g\u00e9talien?<\/span><\/p>\n<p>Bien s\u00fbr, vous pouvez voir en utilisant le formulaire de contact sur notre site leur demande. Oubliez pas de mentionner les informations suivantes:<\/p>\n<ul>\n<li><span id=\"result_box\" lang=\"fr\">\u00a0date pr\u00e9vue<\/span><\/li>\n<li><span id=\"result_box\" lang=\"fr\">lieu<\/span><\/li>\n<li><span id=\"result_box\" lang=\"fr\">Nombre d&rsquo;invit\u00e9s<\/span><\/li>\n<li><span id=\"result_box\" lang=\"fr\">les souhaits \/ id\u00e9es<\/span><\/li>\n<\/ul>\n<p><span id=\"result_box\" lang=\"fr\">Nous cherchons \u00e0 \u00e9crire avec vous l&rsquo;histoire\u00a0de la nourriture,\u00a0qui vit dans les souvenirs de vos invit\u00e9s.<\/span><span id=\"t-served-community-button\" class=\"trans-verified-button goog-toolbar-button\"><\/span><\/p>\n<p>&nbsp;<\/p>\n","protected":false},"excerpt":{"rendered":"<p>\u00a0 Vous planifiez ou organiser une soir\u00e9e priv\u00e9e ou un petit ap\u00e9ritif et que vous voulez surprendre avec une offre v\u00e9g\u00e9talien? Bien s\u00fbr, vous pouvez voir en utilisant le formulaire de contact sur notre site leur demande. Oubliez pas de mentionner les informations suivantes: \u00a0date [&hellip;]<\/p>\n","protected":false},"author":1,"featured_media":0,"parent":0,"menu_order":0,"comment_status":"closed","ping_status":"closed","template":"","meta":{"footnotes":""},"translation":{"provider":"WPGlobus","version":"2.12.2","language":"fr","enabled_languages":["de","en","fr"],"languages":{"de":{"title":true,"content":true,"excerpt":false},"en":{"title":true,"content":true,"excerpt":false},"fr":{"title":true,"content":true,"excerpt":false}}},"_links":{"self":[{"href":"https:\/\/momosveganmadness.com\/fr\/wp-json\/wp\/v2\/pages\/201"}],"collection":[{"href":"https:\/\/momosveganmadness.com\/fr\/wp-json\/wp\/v2\/pages"}],"about":[{"href":"https:\/\/momosveganmadness.com\/fr\/wp-json\/wp\/v2\/types\/page"}],"author":[{"embeddable":true,"href":"https:\/\/momosveganmadness.com\/fr\/wp-json\/wp\/v2\/users\/1"}],"replies":[{"embeddable":true,"href":"https:\/\/momosveganmadness.com\/fr\/wp-json\/wp\/v2\/comments?post=201"}],"version-history":[{"count":6,"href":"https:\/\/momosveganmadness.com\/fr\/wp-json\/wp\/v2\/pages\/201\/revisions"}],"predecessor-version":[{"id":213,"href":"https:\/\/momosveganmadness.com\/fr\/wp-json\/wp\/v2\/pages\/201\/revisions\/213"}],"wp:attachment":[{"href":"https:\/\/momosveganmadness.com\/fr\/wp-json\/wp\/v2\/media?parent=201"}],"curies":[{"name":"wp","href":"https:\/\/api.w.org\/{rel}","templated":true}]}}