{"id":24,"date":"2017-03-23T14:28:42","date_gmt":"2017-03-23T13:28:42","guid":{"rendered":"http:\/\/momosveganmadness.com\/?page_id=24"},"modified":"2017-03-24T21:17:29","modified_gmt":"2017-03-24T20:17:29","slug":"24-2","status":"publish","type":"page","link":"https:\/\/momosveganmadness.com\/fr\/24-2\/","title":{"rendered":"Sur Momo"},"content":{"rendered":"<p><span id=\"result_box\" lang=\"fr\">Bonjour,<\/span><\/p>\n<p>Pendant la journ\u00e9e, je travaille en tant que sp\u00e9cialiste des ressources humaines,&nbsp; et la nuit, je suis une blogueuse d&rsquo;un r\u00e9gime v\u00e9g\u00e9talien&nbsp;et une chanteuse\/musicienne (studio). Je vis \u00e0 Luzern (CH), j&rsquo;ai un vieux chat nomm\u00e9 Jimmy, et j&rsquo;aime&nbsp;CHVRCHES et un verre de vin blanc.<\/p>\n<p><span id=\"result_box\" lang=\"fr\">Demandes de renseignements sur le foodstyling, le d\u00e9veloppement de recettes ou de la restauration, je vous prie d&rsquo;utiliser le formulaire de contact.<\/span><\/p>\n<p>&nbsp;<\/p>\n<p><span style=\"color: #000000;\">Je&nbsp;<\/span><span style=\"color: #0c0c0c;\">vo<\/span><span style=\"color: #000000;\">us souhaite bo<\/span><span style=\"color: #0c0c0c;\">n<\/span><span style=\"color: #000000;\">ne lecture et<\/span><span style=\"color: #0c0c0c;\"> s<\/span><span style=\"color: #181818;\">erais<\/span><span style=\"color: #242424;\"> heureuse<\/span><span style=\"color: #242424;\">&nbsp;de vo<\/span><span style=\"color: #303030;\">us<\/span> retrouver&nbsp;r\u00e9guli\u00e8rement sur ma site.<\/p>\n<p><a href=\"http:\/\/momosveganmadness.com\/wp-content\/uploads\/2017\/03\/img_1311.jpg\"><img loading=\"lazy\" decoding=\"async\" class=\"alignnone wp-image-13\" src=\"http:\/\/momosveganmadness.com\/wp-content\/uploads\/2017\/03\/img_1311.jpg\" alt=\"\" width=\"591\" height=\"591\" srcset=\"https:\/\/momosveganmadness.com\/wp-content\/uploads\/2017\/03\/img_1311.jpg 1932w, https:\/\/momosveganmadness.com\/wp-content\/uploads\/2017\/03\/img_1311-150x150.jpg 150w, https:\/\/momosveganmadness.com\/wp-content\/uploads\/2017\/03\/img_1311-300x300.jpg 300w, https:\/\/momosveganmadness.com\/wp-content\/uploads\/2017\/03\/img_1311-768x768.jpg 768w, https:\/\/momosveganmadness.com\/wp-content\/uploads\/2017\/03\/img_1311-1024x1024.jpg 1024w\" sizes=\"(max-width: 591px) 100vw, 591px\" \/><\/a><\/p>\n","protected":false},"excerpt":{"rendered":"<p>Bonjour, Pendant la journ\u00e9e, je travaille en tant que sp\u00e9cialiste des ressources humaines,&nbsp; et la nuit, je suis une blogueuse d&rsquo;un r\u00e9gime v\u00e9g\u00e9talien&nbsp;et une chanteuse\/musicienne (studio). Je vis \u00e0 Luzern (CH), j&rsquo;ai un vieux chat nomm\u00e9 Jimmy, et j&rsquo;aime&nbsp;CHVRCHES et un verre de vin blanc. [&hellip;]<\/p>\n","protected":false},"author":1,"featured_media":0,"parent":0,"menu_order":0,"comment_status":"closed","ping_status":"closed","template":"","meta":{"footnotes":""},"translation":{"provider":"WPGlobus","version":"2.12.2","language":"fr","enabled_languages":["de","en","fr"],"languages":{"de":{"title":true,"content":true,"excerpt":false},"en":{"title":true,"content":true,"excerpt":false},"fr":{"title":true,"content":true,"excerpt":false}}},"_links":{"self":[{"href":"https:\/\/momosveganmadness.com\/fr\/wp-json\/wp\/v2\/pages\/24"}],"collection":[{"href":"https:\/\/momosveganmadness.com\/fr\/wp-json\/wp\/v2\/pages"}],"about":[{"href":"https:\/\/momosveganmadness.com\/fr\/wp-json\/wp\/v2\/types\/page"}],"author":[{"embeddable":true,"href":"https:\/\/momosveganmadness.com\/fr\/wp-json\/wp\/v2\/users\/1"}],"replies":[{"embeddable":true,"href":"https:\/\/momosveganmadness.com\/fr\/wp-json\/wp\/v2\/comments?post=24"}],"version-history":[{"count":9,"href":"https:\/\/momosveganmadness.com\/fr\/wp-json\/wp\/v2\/pages\/24\/revisions"}],"predecessor-version":[{"id":153,"href":"https:\/\/momosveganmadness.com\/fr\/wp-json\/wp\/v2\/pages\/24\/revisions\/153"}],"wp:attachment":[{"href":"https:\/\/momosveganmadness.com\/fr\/wp-json\/wp\/v2\/media?parent=24"}],"curies":[{"name":"wp","href":"https:\/\/api.w.org\/{rel}","templated":true}]}}